{"id":66,"date":"2025-02-12T17:14:22","date_gmt":"2025-02-12T17:14:22","guid":{"rendered":"https:\/\/gruppen-reisen.net\/?page_id=66"},"modified":"2025-02-13T13:17:04","modified_gmt":"2025-02-13T13:17:04","slug":"reise-angebote","status":"publish","type":"page","link":"https:\/\/gruppen-reisen.net\/?page_id=66","title":{"rendered":"Sonderangebote"},"content":{"rendered":"\n<p>Reisebus<\/p>\n\n\n\n<p>Reisen Sie alleine, zu Zweit oder als kleine Gruppe k\u00f6nnen Sie bei einer bereits fest gebuchten Gruppenreise freie Pl\u00e4tze hinzu buchen.<\/p>\n\n\n\n<p>Die Vorteile: Es ist preiswert und Sie haben die Gewissheit, dass die Busreise auch tats\u00e4chlich statt findet.<\/p>\n\n\n\n<p>Die &#8222;Restpl\u00e4tze&#8220; finden Sie<a href=\"https:\/\/gruppen-reisen.net\/?page_id=181\" data-type=\"page\" data-id=\"181\"> hier<\/a><\/p>\n\n\n\n<p>Rechtliches: <br>F\u00fcr alle Reisen, die wir veranstalten,erhalten Sie einen Sicherungsschein gem. \u00a7 651 BGB.<br>Alle unsere Reisen werden von konzessionierten Busunternehmen im Einklang mit dem Personenbef\u00f6rderungsgesetz durchgef\u00fchrt. Die Busunternehmen wurden die erforderlichen Genehmigungen der zust\u00e4ndigen Aufsichtsbeh\u00f6rde  erteilt. Die Namen und Adressen der durchf\u00fchrenden Busunternehmen teilen wir auf Anfrage gerne mit.<\/p>\n\n\n\n<p><\/p>\n","protected":false},"excerpt":{"rendered":"<p>Reisebus Reisen Sie alleine, zu Zweit oder als kleine Gruppe k\u00f6nnen Sie bei einer bereits<a class=\"read-more\" href=\"https:\/\/gruppen-reisen.net\/?page_id=66\"\/>Continue reading<\/a><\/p>\n","protected":false},"author":1,"featured_media":0,"parent":0,"menu_order":0,"comment_status":"closed","ping_status":"closed","template":"","meta":{"footnotes":""},"class_list":["post-66","page","type-page","status-publish","hentry"],"jetpack_sharing_enabled":true,"_links":{"self":[{"href":"https:\/\/gruppen-reisen.net\/index.php?rest_route=\/wp\/v2\/pages\/66","targetHints":{"allow":["GET"]}}],"collection":[{"href":"https:\/\/gruppen-reisen.net\/index.php?rest_route=\/wp\/v2\/pages"}],"about":[{"href":"https:\/\/gruppen-reisen.net\/index.php?rest_route=\/wp\/v2\/types\/page"}],"author":[{"embeddable":true,"href":"https:\/\/gruppen-reisen.net\/index.php?rest_route=\/wp\/v2\/users\/1"}],"replies":[{"embeddable":true,"href":"https:\/\/gruppen-reisen.net\/index.php?rest_route=%2Fwp%2Fv2%2Fcomments&post=66"}],"version-history":[{"count":5,"href":"https:\/\/gruppen-reisen.net\/index.php?rest_route=\/wp\/v2\/pages\/66\/revisions"}],"predecessor-version":[{"id":187,"href":"https:\/\/gruppen-reisen.net\/index.php?rest_route=\/wp\/v2\/pages\/66\/revisions\/187"}],"wp:attachment":[{"href":"https:\/\/gruppen-reisen.net\/index.php?rest_route=%2Fwp%2Fv2%2Fmedia&parent=66"}],"curies":[{"name":"wp","href":"https:\/\/api.w.org\/{rel}","templated":true}]}}