{"id":59,"date":"2025-02-12T16:28:43","date_gmt":"2025-02-12T16:28:43","guid":{"rendered":"https:\/\/gruppen-reisen.net\/?page_id=59"},"modified":"2025-09-27T08:02:54","modified_gmt":"2025-09-27T08:02:54","slug":"unsere-gruppenreisen","status":"publish","type":"page","link":"https:\/\/gruppen-reisen.net\/?page_id=59","title":{"rendered":"Spezial-Reisen"},"content":{"rendered":"\n<p>Die folgenden Angebote werden von <strong>ausgesuchte<\/strong>, <strong>bew\u00e4hrten<\/strong> Unternehmen durchgef\u00fchrt und k\u00f6nnen <strong>\u00fcber mich gebucht<\/strong> werden.<\/p>\n\n\n\n<p><strong>eventim<\/strong>* bietet weltweit Tickets zu Veranstaltungen aller Art an, suchen und sichern Sie sich hier Ihre Wunschpl\u00e4tze!<\/p>\n\n\n\n<!-- START ADVERTISER: eventim DE from awin.com -->\n<script language=\"JavaScript\" src=\"https:\/\/www.awin1.com\/cawshow.php?v=11388&#038;s=2532184&#038;q=338577&#038;r=387259\"><\/script>\n<noscript>\n    <iframe loading=\"lazy\" src=\"https:\/\/www.awin1.com\/cawshow.php?v=11388&#038;s=2532184&#038;q=338577&#038;r=387259&#038;iframe=1\" width=\"300\" height=\"250\" frameborder=\"0\" border=\"0\" scrolling=\"no\" marginheight=\"0\" marginwidth=\"0\"><\/iframe>\n<\/noscript>\n<!-- END ADVERTISER: eventim DE from awin.com -->\n\n\n\n<p><strong>Kreuzfahrten, ein besonderes Erlebnis auf den Meeren und Fl\u00fcssen dieser Welt*<\/strong><br><a href=\"https:\/\/www.e-hoi.de\/?partner=111811000000&amp;campaign=zxt002&amp;aw_affid=387259&amp;partnerID=111811000000&amp;zanpid=9145_1756414572_9b29d74f7f85726c1a606fcfac890ae7&amp;utm_source=zanox&amp;utm_medium=cps&amp;utm_campaign=2023798&amp;awc=9145_1756414572_9b29d74f7f85726c1a606fcfac890ae7\" data-type=\"link\" data-id=\"https:\/\/www.e-hoi.de\/?partner=111811000000&amp;campaign=zxt002&amp;aw_affid=387259&amp;partnerID=111811000000&amp;zanpid=9145_1756414572_9b29d74f7f85726c1a606fcfac890ae7&amp;utm_source=zanox&amp;utm_medium=cps&amp;utm_campaign=2023798&amp;awc=9145_1756414572_9b29d74f7f85726c1a606fcfac890ae7\" target=\"_blank\" rel=\"noreferrer noopener\">Suchen, finden und buchen Sie hier Ihre Traumkreuzfahrt<\/a><\/p>\n\n\n<div class=\"wp-block-image\">\n<figure class=\"alignleft\"><a href=\"https:\/\/www.e-hoi.de\/?partner=111811000000&amp;campaign=zxt002&amp;aw_affid=387259&amp;partnerID=111811000000&amp;zanpid=9145_1756414572_9b29d74f7f85726c1a606fcfac890ae7&amp;utm_source=zanox&amp;utm_medium=cps&amp;utm_campaign=2023798&amp;awc=9145_1756414572_9b29d74f7f85726c1a606fcfac890ae7\" target=\"_blank\" rel=\" noreferrer noopener\"><img decoding=\"async\" src=\"https:\/\/www.awin1.com\/cshow.php?s=2907110&amp;v=9145&amp;q=320358&amp;r=387259\" alt=\"\"\/><\/a><\/figure>\n<\/div>\n\n\n<p><a href=\"https:\/\/www.awin1.com\/cread.php?s=2907110&amp;v=9145&amp;q=320358&amp;r=387259\"><\/a><br><br><\/p>\n\n\n\n<p><a href=\"https:\/\/gruppen-reisen.schmetterling-select.de\/\" data-type=\"link\" data-id=\"https:\/\/gruppen-reisen.schmetterling-select.de\/\" target=\"_blank\" rel=\"noreferrer noopener\"><strong>Schmetterling<\/strong><\/a>*<br>(Schmetterling International GmbH &amp; Co. KG)<br>Sie wollen Ihre n\u00e4chsten Urlaub auf eine ganz besondere Art und Weise verbringen und der Hektik des Alltags entfliehen ? <br>Kein Problem, hier finden Sie sogar Vorschl\u00e4ge f\u00fcr Ihren Urlaub auf hoher See und auf den sch\u00f6nsten Fl\u00fcssen.<br>Suchen und buchen Sie Ihre Reise bequem und g\u00fcnstig von zu Hause aus.<br>Angeboten werde Reisen so ziemlich aller Art, schauen Sie mal rein! <br>Sie werden <strong>Hotels<\/strong>, <strong>Fl\u00fcge<\/strong>. <strong>Kreuzfahrten<\/strong>, <strong>Ferienh\u00e4user<\/strong>, <strong>Rundreisen<\/strong>, <strong>Mietwagen<\/strong> und noch mehr finden.<\/p>\n\n\n\n<p><a href=\"https:\/\/www.travelworks.de\/sprachreisen.html?50293\" data-type=\"link\" data-id=\"https:\/\/www.travelworks.de\/sprachreisen.html?50293\" target=\"_blank\" rel=\"noreferrer noopener\"><strong>Sprachreisen TravelWorks<\/strong><\/a>*<br>wollen Sie Ihre Sprachkenntnisse verbessern, aber die Angebote an Fernstudien, Abendschulen oder Lernsoftware sagen Ihnen nicht zu? <br>Wollen Sie in die Fremdsprache eintauchen und mit ihr eins werden? <br>Dann kann Ihnen mein Partner <strong>TravelWorks<\/strong> weiterhelfen. TravelWorks hilft Ihnen, eine Sprachreise zu organisieren, die zu Ihnen passt und mit der Sie Ihre individuellen Lernziele erreichen. Neben dem Erlernen der Sprache erhalten Sie einen tiefen Einblick in Ihr Gastland, dessen Menschen und deren Kultur. Dar\u00fcber hinaus werden Sie nette Leute aus vielen L\u00e4ndern kennen lernen und viele neue Freundschaften schlie\u00dfen. \u2026Nie wieder sprachlos!<br>(Angebotene Sprachreisen z.B. f\u00fcr folgende Sprachen: Englisch, Spanisch, Franz\u00f6sisch, Italienisch, Russisch, Portugiesisch, Chinesisch)<\/p>\n\n\n\n<p><a href=\"http:\/\/www4.srpa.de\/argema\/index\/type\/Bahnreisen\/product\/Ameropa\/aid\/177\/pid\/711983\" data-type=\"link\" data-id=\"http:\/\/www4.srpa.de\/argema\/index\/type\/Bahnreisen\/product\/Ameropa\/aid\/177\/pid\/711983\" target=\"_blank\" rel=\"noreferrer noopener\"><strong>Bahnreisen-Ameropa<\/strong><\/a>*<br>Sch\u00f6ne Bahnreisen, auch im Kombination mit Schiffsreisen<\/p>\n\n\n\n<p><a href=\"http:\/\/buswelt.de\" data-type=\"link\" data-id=\"buswelt.de\" target=\"_blank\" rel=\"noreferrer noopener\"><strong>Buswelt<\/strong><\/a>*<br>Bietet Busfahrten an, die Sie mit einer speziellen Suchmaschine einfach finden und buchen k\u00f6nnen.<\/p>\n\n\n\n<p><strong><a href=\"https:\/\/www.flug.de\/?utm_source=zanoxpartner&amp;utm_medium=affiliate&amp;uid=10101_1758960093_bc6f2e1209a5b094223202fff006d168&amp;etcc_par=387259&amp;aw_affid=387259&amp;awc=10101_1758960093_bc6f2e1209a5b094223202fff006d168\" target=\"_blank\" rel=\"noreferrer noopener\">flug.de<\/a><\/strong>* das Portal f\u00fcr alle die Fl\u00fcge suchen, vergleichen und buchen wollen!<\/p>\n\n\n\n<!-- START ADVERTISER: Flug DE from awin.com -->\n<a rel=\"sponsored\" href=\"https:\/\/www.awin1.com\/cread.php?s=3724154&#038;v=10101&#038;q=382382&#038;r=387259\">\n    <img decoding=\"async\" src=\"https:\/\/www.awin1.com\/cshow.php?s=3724154&#038;v=10101&#038;q=382382&#038;r=387259\" border=\"0\">\n<\/a>\n<!-- END ADVERTISER: Flug DE from awin.com -->\n\n\n\n<p class=\"has-small-font-size\">*dies sind bezahlte Links<br><\/p>\n\n\n\n<p><\/p>\n","protected":false},"excerpt":{"rendered":"<p>Die folgenden Angebote werden von ausgesuchte, bew\u00e4hrten Unternehmen durchgef\u00fchrt und k\u00f6nnen \u00fcber mich gebucht werden.<a class=\"read-more\" href=\"https:\/\/gruppen-reisen.net\/?page_id=59\"\/>Continue reading<\/a><\/p>\n","protected":false},"author":1,"featured_media":0,"parent":0,"menu_order":0,"comment_status":"closed","ping_status":"closed","template":"","meta":{"footnotes":""},"class_list":["post-59","page","type-page","status-publish","hentry"],"jetpack_sharing_enabled":true,"_links":{"self":[{"href":"https:\/\/gruppen-reisen.net\/index.php?rest_route=\/wp\/v2\/pages\/59","targetHints":{"allow":["GET"]}}],"collection":[{"href":"https:\/\/gruppen-reisen.net\/index.php?rest_route=\/wp\/v2\/pages"}],"about":[{"href":"https:\/\/gruppen-reisen.net\/index.php?rest_route=\/wp\/v2\/types\/page"}],"author":[{"embeddable":true,"href":"https:\/\/gruppen-reisen.net\/index.php?rest_route=\/wp\/v2\/users\/1"}],"replies":[{"embeddable":true,"href":"https:\/\/gruppen-reisen.net\/index.php?rest_route=%2Fwp%2Fv2%2Fcomments&post=59"}],"version-history":[{"count":31,"href":"https:\/\/gruppen-reisen.net\/index.php?rest_route=\/wp\/v2\/pages\/59\/revisions"}],"predecessor-version":[{"id":360,"href":"https:\/\/gruppen-reisen.net\/index.php?rest_route=\/wp\/v2\/pages\/59\/revisions\/360"}],"wp:attachment":[{"href":"https:\/\/gruppen-reisen.net\/index.php?rest_route=%2Fwp%2Fv2%2Fmedia&parent=59"}],"curies":[{"name":"wp","href":"https:\/\/api.w.org\/{rel}","templated":true}]}}