{"id":181,"date":"2025-02-13T12:52:07","date_gmt":"2025-02-13T12:52:07","guid":{"rendered":"https:\/\/gruppen-reisen.net\/?page_id=181"},"modified":"2026-01-04T15:34:56","modified_gmt":"2026-01-04T15:34:56","slug":"freie-plaetze","status":"publish","type":"page","link":"https:\/\/gruppen-reisen.net\/?page_id=181","title":{"rendered":"Zubucherreisen"},"content":{"rendered":"\n<p>Sofern vorhanden finden Sie auf dieser Seite Reisen die auf jeden Fall durchgef\u00fchrt werden und bei denen Sie auch Einzelpl\u00e4tze buchen k\u00f6nnen.<\/p>\n\n\n\n<p class=\"has-luminous-vivid-amber-color has-text-color has-link-color wp-elements-26145a3b91f1eb5f052191f70d69dc0c\">Derzeit gibt es leider keine Zubucherreisen, aber vielleicht finden Sie ja <strong>hier<\/strong> etwas passendes.<\/p>\n\n<iframe loading=\"lazy\" src=\"https:\/\/www4.srpa.de\/argema\/index\/type\/Busreisen\/product\/Buswelt24_\/aid\/175\/pid\/711983\" width=\"750\" height=\"800\" frameborder=\"0\"><\/iframe>\n\n\n\n<p><\/p>\n\n\n\n<p>Sind keine freien Pl\u00e4tze vorhanden, k\u00f6nnen Sie mir auch einfach eine Email schicken und sich f\u00fcr ein Reiseziel vormerken lassen &#8211; ich benachrichtigen Sie dann sobald es etwas passendes gibt.<\/p>\n","protected":false},"excerpt":{"rendered":"<p>Sofern vorhanden finden Sie auf dieser Seite Reisen die auf jeden Fall durchgef\u00fchrt werden und<a class=\"read-more\" href=\"https:\/\/gruppen-reisen.net\/?page_id=181\"\/>Continue reading<\/a><\/p>\n","protected":false},"author":1,"featured_media":0,"parent":0,"menu_order":0,"comment_status":"closed","ping_status":"closed","template":"","meta":{"footnotes":""},"class_list":["post-181","page","type-page","status-publish","hentry"],"jetpack_sharing_enabled":true,"_links":{"self":[{"href":"https:\/\/gruppen-reisen.net\/index.php?rest_route=\/wp\/v2\/pages\/181","targetHints":{"allow":["GET"]}}],"collection":[{"href":"https:\/\/gruppen-reisen.net\/index.php?rest_route=\/wp\/v2\/pages"}],"about":[{"href":"https:\/\/gruppen-reisen.net\/index.php?rest_route=\/wp\/v2\/types\/page"}],"author":[{"embeddable":true,"href":"https:\/\/gruppen-reisen.net\/index.php?rest_route=\/wp\/v2\/users\/1"}],"replies":[{"embeddable":true,"href":"https:\/\/gruppen-reisen.net\/index.php?rest_route=%2Fwp%2Fv2%2Fcomments&post=181"}],"version-history":[{"count":8,"href":"https:\/\/gruppen-reisen.net\/index.php?rest_route=\/wp\/v2\/pages\/181\/revisions"}],"predecessor-version":[{"id":371,"href":"https:\/\/gruppen-reisen.net\/index.php?rest_route=\/wp\/v2\/pages\/181\/revisions\/371"}],"wp:attachment":[{"href":"https:\/\/gruppen-reisen.net\/index.php?rest_route=%2Fwp%2Fv2%2Fmedia&parent=181"}],"curies":[{"name":"wp","href":"https:\/\/api.w.org\/{rel}","templated":true}]}}