{"id":166,"date":"2025-02-12T22:03:23","date_gmt":"2025-02-12T22:03:23","guid":{"rendered":"https:\/\/gruppen-reisen.net\/?page_id=166"},"modified":"2025-04-27T18:03:59","modified_gmt":"2025-04-27T18:03:59","slug":"unsere-fewo-an-der-mosel","status":"publish","type":"page","link":"https:\/\/gruppen-reisen.net\/?page_id=166","title":{"rendered":"Unser Ferienhaus an der Mosel"},"content":{"rendered":"<div class=\"wp-block-image\">\n<figure class=\"aligncenter size-full\"><img loading=\"lazy\" decoding=\"async\" width=\"768\" height=\"753\" src=\"https:\/\/gruppen-reisen.net\/wp-content\/uploads\/2025\/02\/FeWo-Mosel.png\" alt=\"\" class=\"wp-image-242\" srcset=\"https:\/\/gruppen-reisen.net\/wp-content\/uploads\/2025\/02\/FeWo-Mosel.png 768w, https:\/\/gruppen-reisen.net\/wp-content\/uploads\/2025\/02\/FeWo-Mosel-300x294.png 300w, https:\/\/gruppen-reisen.net\/wp-content\/uploads\/2025\/02\/FeWo-Mosel-400x392.png 400w, https:\/\/gruppen-reisen.net\/wp-content\/uploads\/2025\/02\/FeWo-Mosel-50x50.png 50w\" sizes=\"auto, (max-width: 768px) 100vw, 768px\" \/><\/figure>\n<\/div>\n\n\n<p class=\"has-text-align-center\">Haben Sie Interesse an einem Urlaub oder Kurztrip an die <strong>Mosel <\/strong>?<br>Dann w\u00e4re unser tolles Ferienhaus im Ferienland Bernkastel-Kues vielleicht etwas f\u00fcr Sie !<br>Ausf\u00fchrliche Informationen \u00fcber das Haus, die Lage, die Preise und die Belegung finden Sie hier:<br><br><a href=\"https:\/\/mosel-ferienhaus.eu\/\" data-type=\"link\" data-id=\"https:\/\/mosel-ferienhaus.eu\/\" target=\"_blank\" rel=\"noreferrer noopener\"><strong>Ferienhaus W\u00fcrzgarten an der Mosel<\/strong><\/a><\/p>\n\n\n\n<p><\/p>\n","protected":false},"excerpt":{"rendered":"<p>Haben Sie Interesse an einem Urlaub oder Kurztrip an die Mosel ?Dann w\u00e4re unser tolles<a class=\"read-more\" href=\"https:\/\/gruppen-reisen.net\/?page_id=166\"\/>Continue reading<\/a><\/p>\n","protected":false},"author":1,"featured_media":0,"parent":0,"menu_order":0,"comment_status":"closed","ping_status":"closed","template":"","meta":{"footnotes":""},"class_list":["post-166","page","type-page","status-publish","hentry"],"jetpack_sharing_enabled":true,"_links":{"self":[{"href":"https:\/\/gruppen-reisen.net\/index.php?rest_route=\/wp\/v2\/pages\/166","targetHints":{"allow":["GET"]}}],"collection":[{"href":"https:\/\/gruppen-reisen.net\/index.php?rest_route=\/wp\/v2\/pages"}],"about":[{"href":"https:\/\/gruppen-reisen.net\/index.php?rest_route=\/wp\/v2\/types\/page"}],"author":[{"embeddable":true,"href":"https:\/\/gruppen-reisen.net\/index.php?rest_route=\/wp\/v2\/users\/1"}],"replies":[{"embeddable":true,"href":"https:\/\/gruppen-reisen.net\/index.php?rest_route=%2Fwp%2Fv2%2Fcomments&post=166"}],"version-history":[{"count":4,"href":"https:\/\/gruppen-reisen.net\/index.php?rest_route=\/wp\/v2\/pages\/166\/revisions"}],"predecessor-version":[{"id":329,"href":"https:\/\/gruppen-reisen.net\/index.php?rest_route=\/wp\/v2\/pages\/166\/revisions\/329"}],"wp:attachment":[{"href":"https:\/\/gruppen-reisen.net\/index.php?rest_route=%2Fwp%2Fv2%2Fmedia&parent=166"}],"curies":[{"name":"wp","href":"https:\/\/api.w.org\/{rel}","templated":true}]}}