{"id":164,"date":"2025-02-12T22:01:46","date_gmt":"2025-02-12T22:01:46","guid":{"rendered":"https:\/\/gruppen-reisen.net\/?page_id=164"},"modified":"2025-05-25T14:18:19","modified_gmt":"2025-05-25T14:18:19","slug":"ferienwohnungen","status":"publish","type":"page","link":"https:\/\/gruppen-reisen.net\/?page_id=164","title":{"rendered":"Ferienwohnungen &amp; Hotels"},"content":{"rendered":"\n<p>\u00dcber meine Partnerseite <a href=\"https:\/\/www.awin1.com\/awclick.php?gid=318263&amp;mid=9142&amp;awinaffid=387259&amp;linkid=1030834&amp;clickref=%22%3Ebestfewo\" target=\"_blank\" rel=\"noreferrer noopener\">&#8222;BestFeWo.de&#8220;<\/a>* k\u00f6nnen Sie sich unverbindlich \u00fcber <strong>weltweite Angebote<\/strong> an Ferienwohnungen, Ferienh\u00e4user, Bungalows, und andere Unterk\u00fcnfte informieren und diese auch online buchen.<\/p>\n\n\n\n<p class=\"has-small-font-size\">*bezahlter Link<\/p>\n\n\n\n<p class=\"has-black-color has-luminous-vivid-amber-background-color has-text-color has-background has-link-color has-medium-font-size wp-elements-27b5bc13b11dabb1ee653e2fe8a7c776\"><strong>Mein besonderer Tipp:<\/strong><br>Urlaub mit der Familie und Freunden an der zauberhaften Mittelmosel im <strong>Ferienhaus W\u00fcrzgarten.<\/strong> <br><img loading=\"lazy\" decoding=\"async\" width=\"150\" height=\"147\" class=\"wp-image-242\" style=\"width: 150px;\" src=\"https:\/\/gruppen-reisen.net\/wp-content\/uploads\/2025\/02\/FeWo-Mosel.png\" alt=\"\" srcset=\"https:\/\/gruppen-reisen.net\/wp-content\/uploads\/2025\/02\/FeWo-Mosel.png 768w, https:\/\/gruppen-reisen.net\/wp-content\/uploads\/2025\/02\/FeWo-Mosel-300x294.png 300w, https:\/\/gruppen-reisen.net\/wp-content\/uploads\/2025\/02\/FeWo-Mosel-400x392.png 400w, https:\/\/gruppen-reisen.net\/wp-content\/uploads\/2025\/02\/FeWo-Mosel-50x50.png 50w\" sizes=\"auto, (max-width: 150px) 100vw, 150px\" \/>       <strong><a href=\"https:\/\/mosel-ferienhaus.eu\" target=\"_blank\" rel=\"noreferrer noopener\">Mehr Infos hier !<\/a><\/strong><\/p>\n\n\n\n<p><\/p>\n","protected":false},"excerpt":{"rendered":"<p>\u00dcber meine Partnerseite &#8222;BestFeWo.de&#8220;* k\u00f6nnen Sie sich unverbindlich \u00fcber weltweite Angebote an Ferienwohnungen, Ferienh\u00e4user, Bungalows,<a class=\"read-more\" href=\"https:\/\/gruppen-reisen.net\/?page_id=164\"\/>Continue reading<\/a><\/p>\n","protected":false},"author":1,"featured_media":0,"parent":0,"menu_order":0,"comment_status":"closed","ping_status":"closed","template":"","meta":{"footnotes":""},"class_list":["post-164","page","type-page","status-publish","hentry"],"jetpack_sharing_enabled":true,"_links":{"self":[{"href":"https:\/\/gruppen-reisen.net\/index.php?rest_route=\/wp\/v2\/pages\/164","targetHints":{"allow":["GET"]}}],"collection":[{"href":"https:\/\/gruppen-reisen.net\/index.php?rest_route=\/wp\/v2\/pages"}],"about":[{"href":"https:\/\/gruppen-reisen.net\/index.php?rest_route=\/wp\/v2\/types\/page"}],"author":[{"embeddable":true,"href":"https:\/\/gruppen-reisen.net\/index.php?rest_route=\/wp\/v2\/users\/1"}],"replies":[{"embeddable":true,"href":"https:\/\/gruppen-reisen.net\/index.php?rest_route=%2Fwp%2Fv2%2Fcomments&post=164"}],"version-history":[{"count":10,"href":"https:\/\/gruppen-reisen.net\/index.php?rest_route=\/wp\/v2\/pages\/164\/revisions"}],"predecessor-version":[{"id":343,"href":"https:\/\/gruppen-reisen.net\/index.php?rest_route=\/wp\/v2\/pages\/164\/revisions\/343"}],"wp:attachment":[{"href":"https:\/\/gruppen-reisen.net\/index.php?rest_route=%2Fwp%2Fv2%2Fmedia&parent=164"}],"curies":[{"name":"wp","href":"https:\/\/api.w.org\/{rel}","templated":true}]}}