{"id":155,"date":"2025-02-12T21:53:01","date_gmt":"2025-02-12T21:53:01","guid":{"rendered":"https:\/\/gruppen-reisen.net\/?page_id=155"},"modified":"2026-01-04T15:41:11","modified_gmt":"2026-01-04T15:41:11","slug":"beispiele-klassenfahrten","status":"publish","type":"page","link":"https:\/\/gruppen-reisen.net\/?page_id=155","title":{"rendered":"Klassenfahrten"},"content":{"rendered":"\n<p>Jede Klasse hat eigene Vorstellungen, Vorlieben und Bed\u00fcrfnisse.<br>Daher erstelle ich immer ein ganz individuelles Angebot, zugeschnitten auf Eure Bed\u00fcrfnisse.<br>Neben der Busanreise sind nat\u00fcrlich auch Eigenanreise sowie Flug- oder Bahnanreise m\u00f6glich.<br>Ich freue mich auf Eure <a href=\"https:\/\/gruppen-reisen.net\/?page_id=134\" target=\"_blank\" rel=\"noreferrer noopener\"><strong>Anfrage !<\/strong><\/a><\/p>\n\n\n\n<p>F\u00fcr Anregungen und vorgefertigte Sch\u00fclerreisen besucht bitte die folgende Seite<br><br><\/p>\n\n<iframe loading=\"lazy\" src=\"https:\/\/www4.srpa.de\/argema\/index\/type\/Gruppenfahrten\/product\/2_-_3_Butterfly\/aid\/174\/pid\/711983\" width=\"750\" height=\"800\" frameborder=\"0\"><\/iframe>\n\n\n\n<p><br><\/p>\n","protected":false},"excerpt":{"rendered":"<p>Jede Klasse hat eigene Vorstellungen, Vorlieben und Bed\u00fcrfnisse.Daher erstelle ich immer ein ganz individuelles Angebot,<a class=\"read-more\" href=\"https:\/\/gruppen-reisen.net\/?page_id=155\"\/>Continue reading<\/a><\/p>\n","protected":false},"author":1,"featured_media":0,"parent":0,"menu_order":0,"comment_status":"closed","ping_status":"closed","template":"","meta":{"footnotes":""},"class_list":["post-155","page","type-page","status-publish","hentry"],"jetpack_sharing_enabled":true,"_links":{"self":[{"href":"https:\/\/gruppen-reisen.net\/index.php?rest_route=\/wp\/v2\/pages\/155","targetHints":{"allow":["GET"]}}],"collection":[{"href":"https:\/\/gruppen-reisen.net\/index.php?rest_route=\/wp\/v2\/pages"}],"about":[{"href":"https:\/\/gruppen-reisen.net\/index.php?rest_route=\/wp\/v2\/types\/page"}],"author":[{"embeddable":true,"href":"https:\/\/gruppen-reisen.net\/index.php?rest_route=\/wp\/v2\/users\/1"}],"replies":[{"embeddable":true,"href":"https:\/\/gruppen-reisen.net\/index.php?rest_route=%2Fwp%2Fv2%2Fcomments&post=155"}],"version-history":[{"count":8,"href":"https:\/\/gruppen-reisen.net\/index.php?rest_route=\/wp\/v2\/pages\/155\/revisions"}],"predecessor-version":[{"id":372,"href":"https:\/\/gruppen-reisen.net\/index.php?rest_route=\/wp\/v2\/pages\/155\/revisions\/372"}],"wp:attachment":[{"href":"https:\/\/gruppen-reisen.net\/index.php?rest_route=%2Fwp%2Fv2%2Fmedia&parent=155"}],"curies":[{"name":"wp","href":"https:\/\/api.w.org\/{rel}","templated":true}]}}