{"id":104,"date":"2025-02-12T17:29:26","date_gmt":"2025-02-12T17:29:26","guid":{"rendered":"https:\/\/gruppen-reisen.net\/?page_id=104"},"modified":"2025-04-27T11:47:45","modified_gmt":"2025-04-27T11:47:45","slug":"reisen","status":"publish","type":"page","link":"https:\/\/gruppen-reisen.net\/?page_id=104","title":{"rendered":"Reiseversicherungen"},"content":{"rendered":"\n<p>Darauf sollten auch Sie nicht verzichten &#8211; ich biete Ihnen hier eine Auswahl an <strong>guten <\/strong>und <strong>preisg\u00fcnstigen<\/strong> Versicherungsangeboten renommierter Unternehmen.<\/p>\n\n\n\n<p>Insbesondere werden angeboten:<br>> Auslandsreisekrankenversicherungen<br>> Reise-R\u00fccktrittskostenversicherungen<br>> Reisegep\u00e4ckversicherungen<br>> Reiseunfallversicherungen<br>> Jahresversicherungen, der Spartipp f\u00fcr Mehrfachreisende<\/p>\n\n\n\n<p>f\u00fcr Einzelreisende, Familien und Gruppen.<br><br>Kommen Sie als ausl\u00e4ndischer Gast zu uns nach Deutschland, so finden Sie hier ebenfalls entsprechende Angebote.<br>Um Ihr pers\u00f6nliches und unverbindliches Angebot zu erhalten und Angebote zu vergleichen, klicken Sie bitte auf einen der folgenden Links:<\/p>\n\n\n\n<p><a href=\"http:\/\/www.travelsecure.de\/travelsecure\/travel.asp?partnerid=1-8-1265\" target=\"_blank\" rel=\"noreferrer noopener\">TravelSecure (ein Service der W\u00dcRZBURGER VERSICHERUNGS-AG)<\/a>*<\/p>\n\n\n\n<p><img loading=\"lazy\" decoding=\"async\" width=\"150\" height=\"71\" class=\"wp-image-289\" style=\"width: 150px;\" src=\"https:\/\/gruppen-reisen.net\/wp-content\/uploads\/2025\/04\/image.png\" alt=\"\">   <a href=\"https:\/\/secure.hmrv.de\/rvw-ba\/initBa.jsp?baid=1&amp;adnr=4577193&amp;locale=de_DE\" target=\"_blank\" rel=\"noreferrer noopener\">HanseMerkur Reiseversicherungen<\/a>*<a href=\"\"><\/a><\/p>\n\n\n\n<p class=\"has-small-font-size\">*dies sind bezahlte Links<br><br>Rechtlicher Hinweis bez\u00fcglich der Versicherungsvermittlung:<br>Als sog. Bagatellvermittler unterliege ich nicht der Registrierungs- und Erlaubnisbefreiungspflicht.<\/p>\n\n\n\n<p><\/p>\n","protected":false},"excerpt":{"rendered":"<p>Darauf sollten auch Sie nicht verzichten &#8211; ich biete Ihnen hier eine Auswahl an guten<a class=\"read-more\" href=\"https:\/\/gruppen-reisen.net\/?page_id=104\"\/>Continue reading<\/a><\/p>\n","protected":false},"author":1,"featured_media":0,"parent":0,"menu_order":0,"comment_status":"closed","ping_status":"closed","template":"","meta":{"footnotes":""},"class_list":["post-104","page","type-page","status-publish","hentry"],"jetpack_sharing_enabled":true,"_links":{"self":[{"href":"https:\/\/gruppen-reisen.net\/index.php?rest_route=\/wp\/v2\/pages\/104","targetHints":{"allow":["GET"]}}],"collection":[{"href":"https:\/\/gruppen-reisen.net\/index.php?rest_route=\/wp\/v2\/pages"}],"about":[{"href":"https:\/\/gruppen-reisen.net\/index.php?rest_route=\/wp\/v2\/types\/page"}],"author":[{"embeddable":true,"href":"https:\/\/gruppen-reisen.net\/index.php?rest_route=\/wp\/v2\/users\/1"}],"replies":[{"embeddable":true,"href":"https:\/\/gruppen-reisen.net\/index.php?rest_route=%2Fwp%2Fv2%2Fcomments&post=104"}],"version-history":[{"count":11,"href":"https:\/\/gruppen-reisen.net\/index.php?rest_route=\/wp\/v2\/pages\/104\/revisions"}],"predecessor-version":[{"id":295,"href":"https:\/\/gruppen-reisen.net\/index.php?rest_route=\/wp\/v2\/pages\/104\/revisions\/295"}],"wp:attachment":[{"href":"https:\/\/gruppen-reisen.net\/index.php?rest_route=%2Fwp%2Fv2%2Fmedia&parent=104"}],"curies":[{"name":"wp","href":"https:\/\/api.w.org\/{rel}","templated":true}]}}